{"id":242,"date":"2017-04-24T11:32:57","date_gmt":"2017-04-24T14:32:57","guid":{"rendered":"http:\/\/bccm4.com.br\/2018\/?page_id=242"},"modified":"2018-08-08T11:14:14","modified_gmt":"2018-08-08T14:14:14","slug":"short-courses","status":"publish","type":"page","link":"http:\/\/bccm4.com.br\/2018\/short-courses\/","title":{"rendered":"Short Courses"},"content":{"rendered":"<div class=\"fusion-fullwidth fullwidth-box fusion-builder-row-1 nonhundred-percent-fullwidth non-hundred-percent-height-scrolling\" style=\"--awb-background-position:left top;--awb-border-radius-top-left:0px;--awb-border-radius-top-right:0px;--awb-border-radius-bottom-right:0px;--awb-border-radius-bottom-left:0px;--awb-padding-top:20px;--awb-padding-bottom:20px;--awb-border-sizes-top:0px;--awb-border-sizes-bottom:0px;--awb-flex-wrap:wrap;\" ><div class=\"fusion-builder-row fusion-row\"><div class=\"fusion-layout-column fusion_builder_column fusion-builder-column-0 fusion_builder_column_1_1 1_1 fusion-one-full fusion-column-first fusion-column-last\" style=\"--awb-padding-top:20px;--awb-padding-right:20px;--awb-padding-bottom:20px;--awb-padding-left:20px;--awb-bg-color:#f7f7f7;--awb-bg-color-hover:#f7f7f7;--awb-bg-size:cover;\"><div class=\"fusion-column-wrapper fusion-flex-column-wrapper-legacy\"><div class=\"fusion-text fusion-text-1\"><h2 style=\"text-align: left;\">The following short courses will be offered during the BCCM 4:<\/h2>\n<ul>\n<li style=\"text-align: left;\"><strong>Short course 1<\/strong><br \/>\nMechanical testing systems and techniques \u2013 Yunming Hu, MTS<div class=\"fusion-sep-clear\"><\/div><div class=\"fusion-separator fusion-full-width-sep\" style=\"margin-left: auto;margin-right: auto;margin-top:10px;width:100%;\"><\/div><div class=\"fusion-sep-clear\"><\/div><\/li>\n<\/ul>\n<ul>\n<li><strong>Short course 2<\/strong><br \/>\nModeling and Simulation of Composite Manufacturing Processes \u2013 Suresh G. Advani,\u00a0University of Delaware<div class=\"fusion-sep-clear\"><\/div><div class=\"fusion-separator fusion-full-width-sep\" style=\"margin-left: auto;margin-right: auto;margin-top:10px;width:100%;\"><\/div><div class=\"fusion-sep-clear\"><\/div><\/li>\n<\/ul>\n<ul>\n<li><strong>Short course 3<\/strong><br \/>\nAn\u00e1lise de Imagens para Caracteriza\u00e7\u00e3o de Materiais &#8211; Uma introdu\u00e7\u00e3o baseada em software livre \u2013 Karen Soares Augusto, PUC-Rio (in Portuguese)<\/li>\n<\/ul>\n<p>The short courses will happen simultaneously on Sunday (July 22nd) from 1 p.m. to 4 p.m. All courses will take place at the IAG building.<\/p>\n<\/div><div class=\"fusion-clearfix\"><\/div><\/div><\/div><\/div><\/div>\n","protected":false},"excerpt":{"rendered":"","protected":false},"author":1,"featured_media":0,"parent":0,"menu_order":0,"comment_status":"closed","ping_status":"closed","template":"100-width.php","meta":{"_exactmetrics_skip_tracking":false,"_exactmetrics_sitenote_active":false,"_exactmetrics_sitenote_note":"","_exactmetrics_sitenote_category":0,"footnotes":""},"class_list":["post-242","page","type-page","status-publish","hentry"],"_links":{"self":[{"href":"http:\/\/bccm4.com.br\/2018\/wp-json\/wp\/v2\/pages\/242"}],"collection":[{"href":"http:\/\/bccm4.com.br\/2018\/wp-json\/wp\/v2\/pages"}],"about":[{"href":"http:\/\/bccm4.com.br\/2018\/wp-json\/wp\/v2\/types\/page"}],"author":[{"embeddable":true,"href":"http:\/\/bccm4.com.br\/2018\/wp-json\/wp\/v2\/users\/1"}],"replies":[{"embeddable":true,"href":"http:\/\/bccm4.com.br\/2018\/wp-json\/wp\/v2\/comments?post=242"}],"version-history":[{"count":14,"href":"http:\/\/bccm4.com.br\/2018\/wp-json\/wp\/v2\/pages\/242\/revisions"}],"predecessor-version":[{"id":2120,"href":"http:\/\/bccm4.com.br\/2018\/wp-json\/wp\/v2\/pages\/242\/revisions\/2120"}],"wp:attachment":[{"href":"http:\/\/bccm4.com.br\/2018\/wp-json\/wp\/v2\/media?parent=242"}],"curies":[{"name":"wp","href":"https:\/\/api.w.org\/{rel}","templated":true}]}}