{"id":4,"date":"2016-11-15T20:25:27","date_gmt":"2016-11-15T20:25:27","guid":{"rendered":"http:\/\/bccm4.com.br\/2018\/?page_id=4"},"modified":"2019-05-30T21:05:53","modified_gmt":"2019-05-31T00:05:53","slug":"home","status":"publish","type":"page","link":"http:\/\/bccm4.com.br\/2018\/","title":{"rendered":"Home"},"content":{"rendered":"<p><div class=\"fusion-fullwidth fullwidth-box fusion-builder-row-1 nonhundred-percent-fullwidth non-hundred-percent-height-scrolling fusion-equal-height-columns\" style=\"--awb-background-position:left top;--awb-border-radius-top-left:0px;--awb-border-radius-top-right:0px;--awb-border-radius-bottom-right:0px;--awb-border-radius-bottom-left:0px;--awb-padding-top:0px;--awb-padding-bottom:0px;--awb-border-sizes-top:0px;--awb-border-sizes-bottom:0px;--awb-flex-wrap:wrap;\" ><div class=\"fusion-builder-row fusion-row\"><div class=\"fusion-layout-column fusion_builder_column fusion-builder-column-0 fusion_builder_column_2_3 2_3 fusion-two-third fusion-column-first\" style=\"--awb-padding-top:20px;--awb-padding-right:20px;--awb-padding-bottom:20px;--awb-padding-left:20px;--awb-bg-color:#ffc36b;--awb-bg-color-hover:#ffc36b;--awb-bg-size:cover;--awb-border-color:#dda654;--awb-border-style:solid;\"><div class=\"fusion-column-wrapper fusion-flex-column-wrapper-legacy\"><div class=\"fusion-video fusion-youtube\" style=\"--awb-max-width:700px;--awb-max-height:394px;\"><div class=\"video-shortcode\"><div class=\"fluid-width-video-wrapper\" style=\"padding-top:56.29%;\" ><iframe title=\"YouTube video player 1\" src=\"https:\/\/www.youtube.com\/embed\/jOjCC5RlSNY?rel=0&amp;showinfo=0?wmode=transparent&autoplay=0&oida=1\" width=\"700\" height=\"394\" allowfullscreen allow=\"autoplay; clipboard-write; encrypted-media; gyroscope; picture-in-picture;\"><\/iframe><\/div><\/div><\/div><div class=\"fusion-clearfix\"><\/div><\/div><\/div><div class=\"fusion-layout-column fusion_builder_column fusion-builder-column-1 fusion_builder_column_1_3 1_3 fusion-one-third fusion-column-last\" style=\"--awb-padding-top:20px;--awb-padding-right:20px;--awb-padding-bottom:20px;--awb-padding-left:20px;--awb-bg-color:#ffc36b;--awb-bg-color-hover:#ffc36b;--awb-bg-size:cover;--awb-border-color:#dda654;--awb-border-style:solid;\"><div class=\"fusion-column-wrapper fusion-flex-column-wrapper-legacy\"><div class=\"fusion-title title fusion-title-1 sep-underline sep-solid fusion-title-text fusion-title-size-one\"><h1 class=\"fusion-title-heading title-heading-left\" style=\"margin:0;\"><h1>BCCM4 on PUC TV<\/h1><\/h1><\/div><div class=\"fusion-text fusion-text-1\"><h3>At the 4<sup>th<\/sup> Brazilian Conference on Composite Materials, students, researchers and industry representatives discussed the state of the art in that field. The production of sustainable composites to replace petroleum derivatives was, among others, one of the themes of the meeting. Watch the PUC TV story about the event<\/h3>\n<\/div><div class=\"fusion-clearfix\"><\/div><\/div><\/div><\/div><\/div><div class=\"fusion-fullwidth fullwidth-box fusion-builder-row-2 nonhundred-percent-fullwidth non-hundred-percent-height-scrolling fusion-equal-height-columns\" style=\"--awb-background-position:left top;--awb-border-radius-top-left:0px;--awb-border-radius-top-right:0px;--awb-border-radius-bottom-right:0px;--awb-border-radius-bottom-left:0px;--awb-padding-top:20px;--awb-padding-bottom:20px;--awb-border-sizes-top:0px;--awb-border-sizes-bottom:0px;--awb-flex-wrap:wrap;\" ><div class=\"fusion-builder-row fusion-row\"><div class=\"fusion-layout-column fusion_builder_column fusion-builder-column-2 fusion_builder_column_2_5 2_5 fusion-two-fifth fusion-column-first fusion-animated\" style=\"--awb-padding-top:30px;--awb-padding-right:30px;--awb-padding-bottom:30px;--awb-padding-left:30px;--awb-bg-color:#7cbca1;--awb-bg-color-hover:#7cbca1;--awb-bg-size:cover;--awb-margin-bottom:0px;width:37.6%; margin-right: 4%;\" data-animationType=\"fadeInDown\" data-animationDuration=\"0.1\" data-animationOffset=\"top-into-view\"><div class=\"fusion-column-wrapper fusion-flex-column-wrapper-legacy\"><div class=\"fusion-title title fusion-title-2 sep-underline sep-solid fusion-title-text fusion-title-size-one\"><h1 class=\"fusion-title-heading title-heading-left\" style=\"margin:0;\"><h1><strong>WELCOME<\/strong><\/h1><\/h1><\/div><div class=\"fusion-text fusion-text-2\"><h2>Welcome to BCCM4! The 4<sup>th<\/sup> Brazilian Conference on Composite Materials was hosted by Pontifical Catholic University of Rio de Janeiro in Rio de Janeiro, Brazil, from July 22nd to 25th, 2018. It was the fourth event of a series of biannual international conferences on composite materials. BCCM4 is intended to bring together students, researchers from academia and industry to share and discuss recent developments in the field.<\/h2>\n<\/div><div class=\"fusion-clearfix\"><\/div><\/div><\/div><div class=\"fusion-layout-column fusion_builder_column fusion-builder-column-3 fusion_builder_column_3_5 3_5 fusion-three-fifth fusion-column-last fusion-animated\" style=\"--awb-padding-top:30px;--awb-padding-right:30px;--awb-padding-bottom:30px;--awb-padding-left:30px;--awb-bg-color:#83b2d3;--awb-bg-color-hover:#83b2d3;--awb-bg-size:cover;--awb-margin-bottom:0px;width:58.4%;\" data-animationType=\"fadeInDown\" data-animationDuration=\"0.1\" data-animationOffset=\"top-into-view\"><div class=\"fusion-column-wrapper fusion-flex-column-wrapper-legacy\"><div class=\"fusion-title title fusion-title-3 sep-underline sep-solid fusion-title-text fusion-title-size-one\"><h1 class=\"fusion-title-heading title-heading-left\" style=\"margin:0;\"><h1><strong>BCCM 5<\/strong><\/h1><\/h1><\/div><div class=\"fusion-text fusion-text-3\"><h3><\/h3>\n<h2>The \u00a0<a href=\"http:\/\/www.bccm.com.br\/\" target=\"_blank\" rel=\"noopener\">BCCM 5<\/a> \u00a0will be organized in 2020 by Prof. Volnei Tita at the campus of the University of S\u00e3o Paulo in S\u00e3o Carlos (S\u00e3o Paulo).<\/h2>\n<h2>We are looking forward \u00a0to see you all in S\u00e3o Carlos!<\/h2>\n<\/div><div class=\"fusion-text fusion-text-4\"><h3><\/h3>\n<h3>A proposal for the BCCM 6 was also approved during BCCM 4. The 6<sup>th<\/sup>\u00a0edition of the BCCM conference series will be organized in 2022 by Prof. Tulio Panzera (UFSJ), Prof. Rodrigo Freire (UFSJ), Prof. Leandro Silva (UFSJ) and Prof. Carlos Cimini (UFMG) in the historical city of Tiradentes (Minas Gerais).<\/h3>\n<\/div><div class=\"fusion-sep-clear\"><\/div><div class=\"fusion-separator fusion-full-width-sep\" style=\"margin-left: auto;margin-right: auto;margin-top:20px;width:100%;\"><\/div><div class=\"fusion-sep-clear\"><\/div><div class=\"fusion-text fusion-text-5\"><p><a href=\"http:\/\/bccm4.com.br\/2018\/wp-content\/uploads\/2018\/08\/BCCM_2020.pdf\" target=\"_blank\" rel=\"noopener\"><img decoding=\"async\" class=\"alignleft wp-image-2145\" src=\"http:\/\/bccm4.com.br\/2018\/wp-content\/uploads\/2018\/08\/BCCM_2020.jpg\" alt=\"\" width=\"150\" height=\"113\" srcset=\"http:\/\/bccm4.com.br\/2018\/wp-content\/uploads\/2018\/08\/BCCM_2020-200x150.jpg 200w, http:\/\/bccm4.com.br\/2018\/wp-content\/uploads\/2018\/08\/BCCM_2020.jpg 300w\" sizes=\"(max-width: 150px) 100vw, 150px\" \/><\/a>\u00a0 \u00a0 \u00a0 \u00a0 \u00a0\u00a0<a href=\"http:\/\/bccm4.com.br\/2018\/wp-content\/uploads\/2018\/08\/Proposal_BCCM6_2022_Tiradentes.pdf\" target=\"_blank\" rel=\"noopener\"><img decoding=\"async\" class=\"alignnone wp-image-2146\" src=\"http:\/\/bccm4.com.br\/2018\/wp-content\/uploads\/2018\/08\/BCCM_2022.jpg\" alt=\"\" width=\"150\" height=\"113\" srcset=\"http:\/\/bccm4.com.br\/2018\/wp-content\/uploads\/2018\/08\/BCCM_2022-200x150.jpg 200w, http:\/\/bccm4.com.br\/2018\/wp-content\/uploads\/2018\/08\/BCCM_2022.jpg 300w\" sizes=\"(max-width: 150px) 100vw, 150px\" \/><\/a><\/p>\n<\/div><div class=\"fusion-clearfix\"><\/div><\/div><\/div><\/div><\/div><div class=\"fusion-fullwidth fullwidth-box fusion-builder-row-3 nonhundred-percent-fullwidth non-hundred-percent-height-scrolling\" style=\"--awb-background-position:left top;--awb-border-radius-top-left:0px;--awb-border-radius-top-right:0px;--awb-border-radius-bottom-right:0px;--awb-border-radius-bottom-left:0px;--awb-padding-top:0px;--awb-padding-bottom:0px;--awb-border-sizes-top:0px;--awb-border-sizes-bottom:0px;--awb-flex-wrap:wrap;\" ><div class=\"fusion-builder-row fusion-row\"><div class=\"fusion-layout-column fusion_builder_column fusion-builder-column-4 fusion_builder_column_1_1 1_1 fusion-one-full fusion-column-first fusion-column-last\" style=\"--awb-padding-top:20px;--awb-padding-right:20px;--awb-padding-bottom:20px;--awb-padding-left:20px;--awb-bg-color:#88e7ea;--awb-bg-color-hover:#88e7ea;--awb-bg-size:cover;--awb-border-color:#dda654;--awb-border-top:0px;--awb-border-right:0px;--awb-border-bottom:0px;--awb-border-left:0px;--awb-border-style:solid;\"><div class=\"fusion-column-wrapper fusion-flex-column-wrapper-legacy\"><div class=\"fusion-text fusion-text-6\"><h1><strong><img decoding=\"async\" class=\"alignleft wp-image-440\" src=\"http:\/\/bccm4.com.br\/2018\/wp-content\/uploads\/2018\/06\/cais02.jpg\" alt=\"\" width=\"400\" height=\"267\" srcset=\"http:\/\/bccm4.com.br\/2018\/wp-content\/uploads\/2018\/06\/cais02-200x133.jpg 200w, http:\/\/bccm4.com.br\/2018\/wp-content\/uploads\/2018\/06\/cais02-300x200.jpg 300w, http:\/\/bccm4.com.br\/2018\/wp-content\/uploads\/2018\/06\/cais02-400x267.jpg 400w, http:\/\/bccm4.com.br\/2018\/wp-content\/uploads\/2018\/06\/cais02-600x400.jpg 600w, http:\/\/bccm4.com.br\/2018\/wp-content\/uploads\/2018\/06\/cais02-768x512.jpg 768w, http:\/\/bccm4.com.br\/2018\/wp-content\/uploads\/2018\/06\/cais02-800x533.jpg 800w, http:\/\/bccm4.com.br\/2018\/wp-content\/uploads\/2018\/06\/cais02.jpg 960w\" sizes=\"(max-width: 400px) 100vw, 400px\" \/>CONFERENCE DINNER<br \/>\n<\/strong><\/h1>\n<hr style=\"height: 1px; border-width: 0; color: gray; background-color: white;\" \/>\n<h3>The\u00a0<strong>conference dinner<\/strong>\u00a0was a fantastic opportunity for the participants to interact and get to know each other. In this 4<sup>th<\/sup>\u00a0edition, the BCCM\u2019s dinner occurred on July 24<sup>th<\/sup>\u00a0at 8 pm. It took place at Cais do Oriente, located at the historical center of the city of Rio de Janeiro.<\/h3>\n<p style=\"text-align: right;\"><a href=\"http:\/\/bccm4.com.br\/2018\/conference-dinner\/\">Read more&#8230;<\/a><\/p>\n<\/div><div class=\"fusion-clearfix\"><\/div><\/div><\/div><\/div><\/div><div class=\"fusion-fullwidth fullwidth-box fusion-builder-row-4 nonhundred-percent-fullwidth non-hundred-percent-height-scrolling\" style=\"--awb-background-position:left top;--awb-border-radius-top-left:0px;--awb-border-radius-top-right:0px;--awb-border-radius-bottom-right:0px;--awb-border-radius-bottom-left:0px;--awb-padding-top:0px;--awb-padding-bottom:20px;--awb-border-sizes-top:0px;--awb-border-sizes-bottom:0px;--awb-flex-wrap:wrap;\" ><div class=\"fusion-builder-row fusion-row\"><div class=\"fusion-layout-column fusion_builder_column fusion-builder-column-5 fusion_builder_column_2_5 2_5 fusion-two-fifth fusion-column-first\" style=\"--awb-padding-top:20px;--awb-padding-right:20px;--awb-padding-bottom:20px;--awb-padding-left:20px;--awb-bg-color:#ddba80;--awb-bg-color-hover:#ddba80;--awb-bg-size:cover;--awb-border-color:#dda654;--awb-border-top:0px;--awb-border-right:0px;--awb-border-bottom:0px;--awb-border-left:0px;--awb-border-style:solid;\"><div class=\"fusion-column-wrapper fusion-flex-column-wrapper-legacy\"><div class=\"fusion-text fusion-text-7\"><h3><a href=\"https:\/\/www.sciencedirect.com\/journal\/construction-and-building-materials\/special-issue\/10N437KT96G\" target=\"_blank\" rel=\"noopener noreferrer\"><img decoding=\"async\" class=\"alignleft wp-image-260 size-full\" src=\"http:\/\/bccm4.com.br\/2018\/wp-content\/uploads\/2016\/11\/r_cbm.jpg\" alt=\"\" width=\"120\" height=\"161\" \/><\/a>The special issue on <a href=\"https:\/\/www.sciencedirect.com\/journal\/construction-and-building-materials\/special-issue\/10N437KT96G\" target=\"_blank\" rel=\"noopener\">Construction and Building Materials<\/a> with selected papers presented during BCCM 4 has now been published.<\/h3>\n<\/div><div class=\"fusion-clearfix\"><\/div><\/div><\/div><div class=\"fusion-layout-column fusion_builder_column fusion-builder-column-6 fusion_builder_column_2_5 2_5 fusion-two-fifth\" style=\"--awb-padding-top:20px;--awb-padding-right:20px;--awb-padding-bottom:20px;--awb-padding-left:20px;--awb-bg-color:#ddba80;--awb-bg-color-hover:#ddba80;--awb-bg-size:cover;--awb-border-color:#dda654;--awb-border-top:0px;--awb-border-right:0px;--awb-border-bottom:0px;--awb-border-left:0px;--awb-border-style:solid;\"><div class=\"fusion-column-wrapper fusion-flex-column-wrapper-legacy\"><div class=\"fusion-text fusion-text-8\"><h3 style=\"text-align: left;\"><a href=\"https:\/\/www.sciencedirect.com\/journal\/materials-today-proceedings\/vol\/8\/part\/P3\" target=\"_blank\" rel=\"noopener noreferrer\"><img decoding=\"async\" class=\"alignleft wp-image-259 size-full\" src=\"http:\/\/bccm4.com.br\/2018\/wp-content\/uploads\/2016\/11\/r_mtp.jpg\" alt=\"\" width=\"120\" height=\"161\" \/><\/a>The special issue \u00a0on <a href=\"https:\/\/www.sciencedirect.com\/journal\/materials-today-proceedings\/vol\/8\/part\/P3\" target=\"_blank\" rel=\"noopener\">Materials Today: Proceedings (volume 8, part 3, p. 719-852, 2019)<\/a> with selected papers presented during BCCM 4 has now been published.<\/h3>\n<\/div><div class=\"fusion-clearfix\"><\/div><\/div><\/div><div class=\"fusion-layout-column fusion_builder_column fusion-builder-column-7 fusion_builder_column_1_5 1_5 fusion-one-fifth fusion-column-last\" style=\"--awb-padding-top:20px;--awb-padding-right:20px;--awb-padding-bottom:20px;--awb-padding-left:20px;--awb-bg-color:#ededb4;--awb-bg-color-hover:#ededb4;--awb-bg-size:cover;--awb-border-color:#dda654;--awb-border-top:0px;--awb-border-right:0px;--awb-border-bottom:0px;--awb-border-left:0px;--awb-border-style:solid;\"><div class=\"fusion-column-wrapper fusion-flex-column-wrapper-legacy\"><div class=\"fusion-text fusion-text-9\"><h3><a href=\"http:\/\/bccm4.com.br\/2018\/wp-content\/uploads\/2018\/04\/Folder_R7_A4.pdf\" target=\"_blank\" rel=\"noopener\"><img decoding=\"async\" class=\"alignleft wp-image-357 size-full\" src=\"http:\/\/bccm4.com.br\/2018\/wp-content\/uploads\/2018\/04\/h_folder.jpg\" alt=\"\" width=\"76\" height=\"161\" \/><\/a>Download the <a href=\"http:\/\/bccm4.com.br\/2018\/wp-content\/uploads\/2018\/06\/FOLDER_R8.pdf\" target=\"_blank\" rel=\"noopener\">Event Folder<\/a><\/h3>\n<\/div><div class=\"fusion-clearfix\"><\/div><\/div><\/div><\/div><\/div><div class=\"fusion-fullwidth fullwidth-box fusion-builder-row-5 nonhundred-percent-fullwidth non-hundred-percent-height-scrolling\" style=\"--awb-background-position:left top;--awb-border-radius-top-left:0px;--awb-border-radius-top-right:0px;--awb-border-radius-bottom-right:0px;--awb-border-radius-bottom-left:0px;--awb-padding-top:20px;--awb-padding-bottom:0PX;--awb-background-color:#ffffff;--awb-border-sizes-top:0px;--awb-border-sizes-bottom:0px;--awb-flex-wrap:wrap;\" ><div class=\"fusion-builder-row fusion-row\"><div class=\"fusion-layout-column fusion_builder_column fusion-builder-column-8 fusion_builder_column_1_4 1_4 fusion-one-fourth fusion-column-first\" style=\"--awb-bg-size:cover;width:22%; margin-right: 4%;\"><div class=\"fusion-column-wrapper fusion-flex-column-wrapper-legacy\"><div class=\"fusion-title title fusion-title-4 sep-underline sep-solid fusion-title-text fusion-title-size-two\" style=\"--awb-sep-color:#105237;\"><h2 class=\"fusion-title-heading title-heading-left\" style=\"margin:0;\"><strong>SUPPORTERS:<\/strong><\/h2><\/div><div class=\"fusion-text fusion-text-10\"><p><a href=\"http:\/\/www.puc-rio.br\/\" target=\"_blank\" rel=\"noopener noreferrer\"><img decoding=\"async\" class=\"alignleft wp-image-107 size-full\" src=\"http:\/\/bccm4.com.br\/2018\/wp-content\/uploads\/2016\/11\/logo_puc.png\" width=\"61\" height=\"103\" \/><\/a><a href=\"http:\/\/www.lem.civ.puc-rio.br\" target=\"_blank\" rel=\"noopener noreferrer\"><img decoding=\"async\" class=\"wp-image-108 size-full alignleft\" src=\"http:\/\/bccm4.com.br\/2018\/wp-content\/uploads\/2016\/11\/logo_LEMs.png\" width=\"144\" height=\"103\" \/><\/a><div class=\"fusion-sep-clear\"><\/div><div class=\"fusion-separator fusion-full-width-sep\" style=\"margin-left: auto;margin-right: auto;margin-top:10px;margin-bottom:5px;width:100%;\"><\/div><div class=\"fusion-sep-clear\"><\/div>\n<a href=\"http:\/\/www.capes.gov.br\/\" target=\"_blank\" rel=\"noopener\"><img decoding=\"async\" class=\"alignleft wp-image-321\" src=\"http:\/\/bccm4.com.br\/2018\/wp-content\/uploads\/2018\/03\/logo_capes.jpg\" alt=\"\" width=\"96\" height=\"96\" srcset=\"http:\/\/bccm4.com.br\/2018\/wp-content\/uploads\/2018\/03\/logo_capes-66x66.jpg 66w, http:\/\/bccm4.com.br\/2018\/wp-content\/uploads\/2018\/03\/logo_capes.jpg 150w\" sizes=\"(max-width: 96px) 100vw, 96px\" \/><\/a><a href=\"http:\/\/www.portalclubedeengenharia.org.br\/\" target=\"_blank\" rel=\"noopener\"><img decoding=\"async\" class=\"alignnone wp-image-363\" src=\"http:\/\/bccm4.com.br\/2018\/wp-content\/uploads\/2018\/04\/CE_logo.png\" alt=\"\" width=\"100\" height=\"96\" \/><\/a><div class=\"fusion-sep-clear\"><\/div><div class=\"fusion-separator fusion-full-width-sep\" style=\"margin-left: auto;margin-right: auto;margin-top:10px;margin-bottom:5px;width:100%;\"><\/div><div class=\"fusion-sep-clear\"><\/div><a href=\"https:\/\/www.crea-rj.org.br\/\" target=\"_blank\" rel=\"noopener\"><img decoding=\"async\" class=\"alignnone wp-image-370\" src=\"http:\/\/bccm4.com.br\/2018\/wp-content\/uploads\/2018\/04\/logo_CREA.jpg\" alt=\"\" width=\"76\" height=\"96\" \/><\/a>\u00a0\u00a0<a href=\"https:\/\/www.facebook.com\/pg\/AeroRioPUC\/\" target=\"_blank\" rel=\"noopener\"><img decoding=\"async\" class=\"alignnone wp-image-400\" src=\"http:\/\/bccm4.com.br\/2018\/wp-content\/uploads\/2018\/05\/logo_Aero.png\" alt=\"\" width=\"147\" height=\"80\" \/><\/a><\/p>\n<\/div><div class=\"fusion-clearfix\"><\/div><\/div><\/div><div class=\"fusion-layout-column fusion_builder_column fusion-builder-column-9 fusion_builder_column_1_2 1_2 fusion-one-half\" style=\"--awb-bg-size:cover;width:48%; margin-right: 4%;\"><div class=\"fusion-column-wrapper fusion-flex-column-wrapper-legacy\"><div class=\"fusion-title title fusion-title-5 sep-underline sep-solid fusion-title-text fusion-title-size-two\" style=\"--awb-sep-color:#105237;\"><h2 class=\"fusion-title-heading title-heading-left\" style=\"margin:0;\"><strong>SPONSORS:<\/strong><\/h2><\/div><div class=\"fusion-text fusion-text-11\"><p><a href=\"http:\/\/www.mts.com\/\" target=\"_blank\" rel=\"noopener noreferrer\"><img decoding=\"async\" class=\"alignnone wp-image-105\" title=\"Silver Sponsor\" src=\"http:\/\/bccm4.com.br\/2018\/wp-content\/uploads\/2016\/11\/logo_mts.jpg\" width=\"141\" height=\"90\" \/><\/a>\u00a0 \u00a0\u00a0\u00a0 \u00a0 \u00a0\u00a0<a href=\"https:\/\/www.hbm.com\/\" target=\"_blank\" rel=\"noopener\"><img decoding=\"async\" class=\"alignnone wp-image-322\" title=\"Silver Sponsor\" src=\"http:\/\/bccm4.com.br\/2018\/wp-content\/uploads\/2018\/03\/logo_HBM.jpg\" width=\"100\" height=\"90\" \/><\/a> \u00a0\u00a0\u00a0 \u00a0 \u00a0 <a href=\"https:\/\/www.zwick.com\/\" target=\"_blank\" rel=\"noopener\"><img decoding=\"async\" class=\"alignnone wp-image-473 size-full\" src=\"http:\/\/bccm4.com.br\/2018\/wp-content\/uploads\/2018\/07\/logo_Zwick.jpg\" alt=\"\" width=\"168\" height=\"38\" \/><\/a><div class=\"fusion-sep-clear\"><\/div><div class=\"fusion-separator fusion-full-width-sep\" style=\"margin-left: auto;margin-right: auto;margin-top:10px;margin-bottom:10px;width:100%;\"><\/div><div class=\"fusion-sep-clear\"><\/div>\u00a0\u00a0 <a href=\"http:\/\/www.belgobekaert.com.br\/\"><img decoding=\"async\" class=\"alignnone wp-image-335 size-full\" title=\"Bronze Sponsor\" src=\"http:\/\/bccm4.com.br\/2018\/wp-content\/uploads\/2018\/03\/logo_BBA.jpg\" alt=\"\" width=\"207\" height=\"96\" srcset=\"http:\/\/bccm4.com.br\/2018\/wp-content\/uploads\/2018\/03\/logo_BBA-200x93.jpg 200w, http:\/\/bccm4.com.br\/2018\/wp-content\/uploads\/2018\/03\/logo_BBA.jpg 207w\" sizes=\"(max-width: 207px) 100vw, 207px\" \/><\/a>\u00a0 \u00a0 \u00a0 \u00a0 \u00a0 \u00a0 \u00a0 \u00a0<a href=\"http:\/\/www.riomix.com.br\/\" target=\"_blank\" rel=\"noopener\"><img decoding=\"async\" class=\"alignnone wp-image-409 size-full\" title=\"Bronze Sponsor\" src=\"http:\/\/bccm4.com.br\/2018\/wp-content\/uploads\/2018\/05\/logo_riomix.png\" alt=\"\" width=\"165\" height=\"81\" \/><\/a>\u00a0<div class=\"fusion-sep-clear\"><\/div><div class=\"fusion-separator fusion-full-width-sep\" style=\"margin-left: auto;margin-right: auto;margin-top:10px;margin-bottom:10px;width:100%;\"><\/div><div class=\"fusion-sep-clear\"><\/div> \u00a0<a href=\"http:\/\/martinscampelo.com.br\/\" target=\"_blank\" rel=\"noopener\"><img decoding=\"async\" class=\"alignnone wp-image-398\" title=\"Bronze Sponsor\" src=\"http:\/\/bccm4.com.br\/2018\/wp-content\/uploads\/2018\/05\/logo_martins_campelo.png\" alt=\"\" width=\"182\" height=\"43\" srcset=\"http:\/\/bccm4.com.br\/2018\/wp-content\/uploads\/2018\/05\/logo_martins_campelo-200x47.png 200w, http:\/\/bccm4.com.br\/2018\/wp-content\/uploads\/2018\/05\/logo_martins_campelo.png 279w\" sizes=\"(max-width: 182px) 100vw, 182px\" \/><\/a>\u00a0 \u00a0 \u00a0 \u00a0 \u00a0 \u00a0 \u00a0 \u00a0 \u00a0<a href=\"http:\/\/tennessine.com.br\/\" target=\"_blank\" rel=\"noopener\"><img decoding=\"async\" class=\"alignnone wp-image-386\" title=\"Bronze Sponsor\" src=\"http:\/\/bccm4.com.br\/2018\/wp-content\/uploads\/2018\/04\/logo_tennessine.jpg\" alt=\"\" width=\"230\" height=\"43\" srcset=\"http:\/\/bccm4.com.br\/2018\/wp-content\/uploads\/2018\/04\/logo_tennessine-200x38.jpg 200w, http:\/\/bccm4.com.br\/2018\/wp-content\/uploads\/2018\/04\/logo_tennessine.jpg 288w\" sizes=\"(max-width: 230px) 100vw, 230px\" \/><\/a><div class=\"fusion-sep-clear\"><\/div><div class=\"fusion-separator fusion-full-width-sep\" style=\"margin-left: auto;margin-right: auto;margin-top:15px;margin-bottom:15px;width:100%;\"><\/div><div class=\"fusion-sep-clear\"><\/div><a href=\"http:\/\/www.iifc.org\/\" target=\"_blank\" rel=\"noopener\"><img decoding=\"async\" class=\"alignnone wp-image-286\" src=\"http:\/\/bccm4.com.br\/2018\/wp-content\/uploads\/2016\/11\/logo_iifc.png\" alt=\"\" width=\"116\" height=\"90\" \/><\/a>\u00a0 \u00a0 \u00a0 \u00a0 \u00a0 \u00a0<a href=\"https:\/\/www.elsevier.com\/\" target=\"_blank\" rel=\"noopener\"><img decoding=\"async\" class=\"alignnone wp-image-339 size-full\" src=\"http:\/\/bccm4.com.br\/2018\/wp-content\/uploads\/2018\/04\/logo_Elsevier.png\" alt=\"\" width=\"96\" height=\"102\" \/><\/a>\u00a0 \u00a0 \u00a0 \u00a0 \u00a0 \u00a0<a href=\"http:\/\/www.ctc.puc-rio.br\" target=\"_blank\" rel=\"noopener\"><img decoding=\"async\" class=\"alignnone wp-image-423 size-full\" src=\"http:\/\/bccm4.com.br\/2018\/wp-content\/uploads\/2018\/06\/logo_CTC.jpg\" alt=\"\" width=\"200\" height=\"76\" \/><\/a><\/p>\n<\/div><div class=\"fusion-clearfix\"><\/div><\/div><\/div><div class=\"fusion-layout-column fusion_builder_column fusion-builder-column-10 fusion_builder_column_1_4 1_4 fusion-one-fourth fusion-column-last\" style=\"--awb-bg-size:cover;width:22%;\"><div class=\"fusion-column-wrapper fusion-flex-column-wrapper-legacy\"><div class=\"fusion-title title fusion-title-6 sep-underline sep-solid fusion-title-text fusion-title-size-two\" style=\"--awb-sep-color:#105237;\"><h2 class=\"fusion-title-heading title-heading-left\" style=\"margin:0;\"><strong>OFFICIAL TRAVEL AGENCY:<\/strong><\/h2><\/div><div class=\"fusion-text fusion-text-12\"><p><a href=\"http:\/\/www.cptours.com.br\/\" target=\"_blank\" rel=\"noopener noreferrer\"><img decoding=\"async\" class=\"alignleft wp-image-114 size-full\" src=\"http:\/\/bccm4.com.br\/2018\/wp-content\/uploads\/2016\/11\/logo_CP.png\" width=\"214\" height=\"86\" srcset=\"http:\/\/bccm4.com.br\/2018\/wp-content\/uploads\/2016\/11\/logo_CP-200x80.png 200w, http:\/\/bccm4.com.br\/2018\/wp-content\/uploads\/2016\/11\/logo_CP.png 214w\" sizes=\"(max-width: 214px) 100vw, 214px\" \/><\/a><\/p>\n<\/div><div class=\"fusion-clearfix\"><\/div><\/div><\/div><\/div><\/div><\/p>\n","protected":false},"excerpt":{"rendered":"","protected":false},"author":1,"featured_media":0,"parent":0,"menu_order":0,"comment_status":"closed","ping_status":"closed","template":"100-width.php","meta":{"_exactmetrics_skip_tracking":false,"_exactmetrics_sitenote_active":false,"_exactmetrics_sitenote_note":"","_exactmetrics_sitenote_category":0,"footnotes":""},"class_list":["post-4","page","type-page","status-publish","hentry"],"_links":{"self":[{"href":"http:\/\/bccm4.com.br\/2018\/wp-json\/wp\/v2\/pages\/4"}],"collection":[{"href":"http:\/\/bccm4.com.br\/2018\/wp-json\/wp\/v2\/pages"}],"about":[{"href":"http:\/\/bccm4.com.br\/2018\/wp-json\/wp\/v2\/types\/page"}],"author":[{"embeddable":true,"href":"http:\/\/bccm4.com.br\/2018\/wp-json\/wp\/v2\/users\/1"}],"replies":[{"embeddable":true,"href":"http:\/\/bccm4.com.br\/2018\/wp-json\/wp\/v2\/comments?post=4"}],"version-history":[{"count":64,"href":"http:\/\/bccm4.com.br\/2018\/wp-json\/wp\/v2\/pages\/4\/revisions"}],"predecessor-version":[{"id":2164,"href":"http:\/\/bccm4.com.br\/2018\/wp-json\/wp\/v2\/pages\/4\/revisions\/2164"}],"wp:attachment":[{"href":"http:\/\/bccm4.com.br\/2018\/wp-json\/wp\/v2\/media?parent=4"}],"curies":[{"name":"wp","href":"https:\/\/api.w.org\/{rel}","templated":true}]}}